{"id":1090,"date":"2021-10-22T22:43:44","date_gmt":"2021-10-22T20:43:44","guid":{"rendered":"https:\/\/ducord.net\/?page_id=1090"},"modified":"2023-09-27T14:55:04","modified_gmt":"2023-09-27T12:55:04","slug":"gym-douce","status":"publish","type":"page","link":"https:\/\/foyer-de-saint-blaise.fr\/index.php\/gym-douce\/","title":{"rendered":"Gym Douce"},"content":{"rendered":"\t\t<div data-elementor-type=\"wp-page\" data-elementor-id=\"1090\" class=\"elementor elementor-1090\">\n\t\t\t\t\t\t<section class=\"elementor-section elementor-top-section elementor-element elementor-element-48b638b elementor-section-boxed elementor-section-height-default elementor-section-height-default\" data-id=\"48b638b\" data-element_type=\"section\" data-e-type=\"section\">\n\t\t\t\t\t\t<div class=\"elementor-container elementor-column-gap-default\">\n\t\t\t\t\t<div class=\"elementor-column elementor-col-100 elementor-top-column elementor-element elementor-element-2adbe30\" data-id=\"2adbe30\" data-element_type=\"column\" data-e-type=\"column\">\n\t\t\t<div class=\"elementor-widget-wrap elementor-element-populated\">\n\t\t\t\t\t\t<div class=\"elementor-element elementor-element-865bfbc elementor-widget elementor-widget-heading\" data-id=\"865bfbc\" data-element_type=\"widget\" data-e-type=\"widget\" data-widget_type=\"heading.default\">\n\t\t\t\t<div class=\"elementor-widget-container\">\n\t\t\t\t\t<h2 class=\"elementor-heading-title elementor-size-default\">Gym Douce<\/h2>\t\t\t\t<\/div>\n\t\t\t\t<\/div>\n\t\t\t\t\t<\/div>\n\t\t<\/div>\n\t\t\t\t\t<\/div>\n\t\t<\/section>\n\t\t\t\t<section class=\"elementor-section elementor-top-section elementor-element elementor-element-c2cd95c elementor-section-boxed elementor-section-height-default elementor-section-height-default\" data-id=\"c2cd95c\" data-element_type=\"section\" data-e-type=\"section\">\n\t\t\t\t\t\t<div class=\"elementor-container elementor-column-gap-default\">\n\t\t\t\t\t<div class=\"elementor-column elementor-col-100 elementor-top-column elementor-element elementor-element-8d58899\" data-id=\"8d58899\" data-element_type=\"column\" data-e-type=\"column\">\n\t\t\t<div class=\"elementor-widget-wrap elementor-element-populated\">\n\t\t\t\t\t\t<div class=\"elementor-element elementor-element-723d691 elementor-widget elementor-widget-text-editor\" data-id=\"723d691\" data-element_type=\"widget\" data-e-type=\"widget\" data-widget_type=\"text-editor.default\">\n\t\t\t\t<div class=\"elementor-widget-container\">\n\t\t\t\t\t\t\t\t\t<p>Tous les mardis de 11h \u00e0 12<\/p><p>Cette discipline fait travailler les diff\u00e9rentes zones du corps, en sollicitant les muscles sans jamais leur demander d\u2019efforts violents ! Elle invite \u00e0 prendre le temps de bien r\u00e9aliser les mouvements, au sol, debout ou assis. Les postures sont vari\u00e9es et toujours \u00e0 la port\u00e9e de tous !.<\/p>\t\t\t\t\t\t\t\t<\/div>\n\t\t\t\t<\/div>\n\t\t\t\t\t<\/div>\n\t\t<\/div>\n\t\t\t\t\t<\/div>\n\t\t<\/section>\n\t\t\t\t<section class=\"elementor-section elementor-top-section elementor-element elementor-element-c421956 elementor-section-boxed elementor-section-height-default elementor-section-height-default\" data-id=\"c421956\" data-element_type=\"section\" data-e-type=\"section\">\n\t\t\t\t\t\t<div class=\"elementor-container elementor-column-gap-default\">\n\t\t\t\t\t<div class=\"elementor-column elementor-col-100 elementor-top-column elementor-element elementor-element-8493ce5\" data-id=\"8493ce5\" data-element_type=\"column\" data-e-type=\"column\">\n\t\t\t<div class=\"elementor-widget-wrap elementor-element-populated\">\n\t\t\t\t\t\t<div class=\"elementor-element elementor-element-253b3fc elementor-widget elementor-widget-image\" data-id=\"253b3fc\" data-element_type=\"widget\" data-e-type=\"widget\" data-widget_type=\"image.default\">\n\t\t\t\t<div class=\"elementor-widget-container\">\n\t\t\t\t\t\t\t\t\t\t\t\t\t\t\t<img fetchpriority=\"high\" decoding=\"async\" width=\"1024\" height=\"768\" src=\"https:\/\/foyer-de-saint-blaise.fr\/wp-content\/uploads\/2022\/03\/20220308_110145-1024x768.jpg\" class=\"attachment-large size-large wp-image-2500\" alt=\"\" srcset=\"https:\/\/foyer-de-saint-blaise.fr\/wp-content\/uploads\/2022\/03\/20220308_110145-1024x768.jpg 1024w, https:\/\/foyer-de-saint-blaise.fr\/wp-content\/uploads\/2022\/03\/20220308_110145-300x225.jpg 300w, https:\/\/foyer-de-saint-blaise.fr\/wp-content\/uploads\/2022\/03\/20220308_110145-768x576.jpg 768w, https:\/\/foyer-de-saint-blaise.fr\/wp-content\/uploads\/2022\/03\/20220308_110145-1536x1152.jpg 1536w, https:\/\/foyer-de-saint-blaise.fr\/wp-content\/uploads\/2022\/03\/20220308_110145-2048x1536.jpg 2048w\" sizes=\"(max-width: 1024px) 100vw, 1024px\" \/>\t\t\t\t\t\t\t\t\t\t\t\t\t\t\t<\/div>\n\t\t\t\t<\/div>\n\t\t\t\t\t<\/div>\n\t\t<\/div>\n\t\t\t\t\t<\/div>\n\t\t<\/section>\n\t\t\t\t<section class=\"elementor-section elementor-top-section elementor-element elementor-element-b9af270 elementor-section-content-middle elementor-section-boxed elementor-section-height-default elementor-section-height-default\" data-id=\"b9af270\" data-element_type=\"section\" data-e-type=\"section\">\n\t\t\t\t\t\t<div class=\"elementor-container elementor-column-gap-default\">\n\t\t\t\t\t<div class=\"elementor-column elementor-col-100 elementor-top-column elementor-element elementor-element-70ce56e\" data-id=\"70ce56e\" data-element_type=\"column\" data-e-type=\"column\">\n\t\t\t<div class=\"elementor-widget-wrap elementor-element-populated\">\n\t\t\t\t\t\t<div class=\"elementor-element elementor-element-edb1a64 elementor-widget__width-initial elementor-view-default elementor-position-block-start elementor-mobile-position-block-start elementor-widget elementor-widget-icon-box\" data-id=\"edb1a64\" data-element_type=\"widget\" data-e-type=\"widget\" data-widget_type=\"icon-box.default\">\n\t\t\t\t<div class=\"elementor-widget-container\">\n\t\t\t\t\t\t\t<div class=\"elementor-icon-box-wrapper\">\n\n\t\t\t\t\t\t<div class=\"elementor-icon-box-icon\">\n\t\t\t\t<span  class=\"elementor-icon\">\n\t\t\t\t<i aria-hidden=\"true\" class=\"far fa-user\"><\/i>\t\t\t\t<\/span>\n\t\t\t<\/div>\n\t\t\t\n\t\t\t\t\t\t<div class=\"elementor-icon-box-content\">\n\n\t\t\t\t\t\t\t\t\t<h3 class=\"elementor-icon-box-title\">\n\t\t\t\t\t\t<span  >\n\t\t\t\t\t\t\tResponsables\t\t\t\t\t\t<\/span>\n\t\t\t\t\t<\/h3>\n\t\t\t\t\n\t\t\t\t\t\t\t\t\t<p class=\"elementor-icon-box-description\">\n\t\t\t\t\t\tRosette Maurin<br>\nTel: 06 04 15 00 96\nAline Brisa<br>Tel: 06 88 23 99 35\t\t\t\t\t<\/p>\n\t\t\t\t\n\t\t\t<\/div>\n\t\t\t\n\t\t<\/div>\n\t\t\t\t\t\t<\/div>\n\t\t\t\t<\/div>\n\t\t\t\t<div class=\"elementor-element elementor-element-b2f1373 elementor-widget__width-initial elementor-view-default elementor-position-block-start elementor-mobile-position-block-start elementor-widget elementor-widget-icon-box\" data-id=\"b2f1373\" data-element_type=\"widget\" data-e-type=\"widget\" data-widget_type=\"icon-box.default\">\n\t\t\t\t<div class=\"elementor-widget-container\">\n\t\t\t\t\t\t\t<div class=\"elementor-icon-box-wrapper\">\n\n\t\t\t\t\t\t<div class=\"elementor-icon-box-icon\">\n\t\t\t\t<span  class=\"elementor-icon\">\n\t\t\t\t<i aria-hidden=\"true\" class=\"far fa-clock\"><\/i>\t\t\t\t<\/span>\n\t\t\t<\/div>\n\t\t\t\n\t\t\t\t\t\t<div class=\"elementor-icon-box-content\">\n\n\t\t\t\t\t\t\t\t\t<h3 class=\"elementor-icon-box-title\">\n\t\t\t\t\t\t<span  >\n\t\t\t\t\t\t\tHoraire\t\t\t\t\t\t<\/span>\n\t\t\t\t\t<\/h3>\n\t\t\t\t\n\t\t\t\t\t\t\t\t\t<p class=\"elementor-icon-box-description\">\n\t\t\t\t\t\tMardi<br> \n11h-12h\t\t\t\t\t<\/p>\n\t\t\t\t\n\t\t\t<\/div>\n\t\t\t\n\t\t<\/div>\n\t\t\t\t\t\t<\/div>\n\t\t\t\t<\/div>\n\t\t\t\t<div class=\"elementor-element elementor-element-37d8d35 elementor-widget__width-initial elementor-view-default elementor-position-block-start elementor-mobile-position-block-start elementor-widget elementor-widget-icon-box\" data-id=\"37d8d35\" data-element_type=\"widget\" data-e-type=\"widget\" data-widget_type=\"icon-box.default\">\n\t\t\t\t<div class=\"elementor-widget-container\">\n\t\t\t\t\t\t\t<div class=\"elementor-icon-box-wrapper\">\n\n\t\t\t\t\t\t<div class=\"elementor-icon-box-icon\">\n\t\t\t\t<span  class=\"elementor-icon\">\n\t\t\t\t<i aria-hidden=\"true\" class=\"far fa-grin-beam-sweat\"><\/i>\t\t\t\t<\/span>\n\t\t\t<\/div>\n\t\t\t\n\t\t\t\t\t\t<div class=\"elementor-icon-box-content\">\n\n\t\t\t\t\t\t\t\t\t<h3 class=\"elementor-icon-box-title\">\n\t\t\t\t\t\t<span  >\n\t\t\t\t\t\t\tAnimatrice\t\t\t\t\t\t<\/span>\n\t\t\t\t\t<\/h3>\n\t\t\t\t\n\t\t\t\t\t\t\t\t\t<p class=\"elementor-icon-box-description\">\n\t\t\t\t\t\tChristelle Coquard<br>\nTel: 04 90 40 28 85\nTel: 06 67 12 33 57\t\t\t\t\t<\/p>\n\t\t\t\t\n\t\t\t<\/div>\n\t\t\t\n\t\t<\/div>\n\t\t\t\t\t\t<\/div>\n\t\t\t\t<\/div>\n\t\t\t\t\t<\/div>\n\t\t<\/div>\n\t\t\t\t\t<\/div>\n\t\t<\/section>\n\t\t\t\t<\/div>\n\t\t","protected":false},"excerpt":{"rendered":"<p>Gym Douce Tous les mardis de 11h \u00e0 12 Cette discipline fait travailler les diff\u00e9rentes zones du corps, en sollicitant les muscles sans jamais leur demander d\u2019efforts violents ! Elle invite \u00e0 prendre le temps de bien r\u00e9aliser les mouvements, au sol, debout ou assis. Les postures sont vari\u00e9es et toujours \u00e0 la port\u00e9e de [&hellip;]<\/p>\n","protected":false},"author":2,"featured_media":0,"parent":0,"menu_order":0,"comment_status":"closed","ping_status":"closed","template":"elementor_header_footer","meta":{"ocean_post_layout":"","ocean_both_sidebars_style":"","ocean_both_sidebars_content_width":0,"ocean_both_sidebars_sidebars_width":0,"ocean_sidebar":"0","ocean_second_sidebar":"0","ocean_disable_margins":"enable","ocean_add_body_class":"","ocean_shortcode_before_top_bar":"","ocean_shortcode_after_top_bar":"","ocean_shortcode_before_header":"","ocean_shortcode_after_header":"","ocean_has_shortcode":"","ocean_shortcode_after_title":"","ocean_shortcode_before_footer_widgets":"","ocean_shortcode_after_footer_widgets":"","ocean_shortcode_before_footer_bottom":"","ocean_shortcode_after_footer_bottom":"","ocean_display_top_bar":"default","ocean_display_header":"default","ocean_header_style":"","ocean_center_header_left_menu":"0","ocean_custom_header_template":"0","ocean_custom_logo":0,"ocean_custom_retina_logo":0,"ocean_custom_logo_max_width":0,"ocean_custom_logo_tablet_max_width":0,"ocean_custom_logo_mobile_max_width":0,"ocean_custom_logo_max_height":0,"ocean_custom_logo_tablet_max_height":0,"ocean_custom_logo_mobile_max_height":0,"ocean_header_custom_menu":"0","ocean_menu_typo_font_family":"0","ocean_menu_typo_font_subset":"","ocean_menu_typo_font_size":0,"ocean_menu_typo_font_size_tablet":0,"ocean_menu_typo_font_size_mobile":0,"ocean_menu_typo_font_size_unit":"px","ocean_menu_typo_font_weight":"","ocean_menu_typo_font_weight_tablet":"","ocean_menu_typo_font_weight_mobile":"","ocean_menu_typo_transform":"","ocean_menu_typo_transform_tablet":"","ocean_menu_typo_transform_mobile":"","ocean_menu_typo_line_height":0,"ocean_menu_typo_line_height_tablet":0,"ocean_menu_typo_line_height_mobile":0,"ocean_menu_typo_line_height_unit":"","ocean_menu_typo_spacing":0,"ocean_menu_typo_spacing_tablet":0,"ocean_menu_typo_spacing_mobile":0,"ocean_menu_typo_spacing_unit":"","ocean_menu_link_color":"","ocean_menu_link_color_hover":"","ocean_menu_link_color_active":"","ocean_menu_link_background":"","ocean_menu_link_hover_background":"","ocean_menu_link_active_background":"","ocean_menu_social_links_bg":"","ocean_menu_social_hover_links_bg":"","ocean_menu_social_links_color":"","ocean_menu_social_hover_links_color":"","ocean_disable_title":"on","ocean_disable_heading":"default","ocean_post_title":"","ocean_post_subheading":"","ocean_post_title_style":"","ocean_post_title_background_color":"","ocean_post_title_background":0,"ocean_post_title_bg_image_position":"","ocean_post_title_bg_image_attachment":"","ocean_post_title_bg_image_repeat":"","ocean_post_title_bg_image_size":"","ocean_post_title_height":0,"ocean_post_title_bg_overlay":0.5,"ocean_post_title_bg_overlay_color":"","ocean_disable_breadcrumbs":"default","ocean_breadcrumbs_color":"","ocean_breadcrumbs_separator_color":"","ocean_breadcrumbs_links_color":"","ocean_breadcrumbs_links_hover_color":"","ocean_display_footer_widgets":"default","ocean_display_footer_bottom":"default","ocean_custom_footer_template":"0","footnotes":""},"class_list":["post-1090","page","type-page","status-publish","hentry","entry"],"yoast_head":"<!-- This site is optimized with the Yoast SEO plugin v27.2 - https:\/\/yoast.com\/product\/yoast-seo-wordpress\/ -->\n<title>Gym Douce -<\/title>\n<meta name=\"robots\" content=\"index, follow, max-snippet:-1, max-image-preview:large, max-video-preview:-1\" \/>\n<link rel=\"canonical\" href=\"https:\/\/foyer-de-saint-blaise.fr\/index.php\/gym-douce\/\" \/>\n<meta property=\"og:locale\" content=\"fr_FR\" \/>\n<meta property=\"og:type\" content=\"article\" \/>\n<meta property=\"og:title\" content=\"Gym Douce -\" \/>\n<meta property=\"og:description\" content=\"Gym Douce Tous les mardis de 11h \u00e0 12 Cette discipline fait travailler les diff\u00e9rentes zones du corps, en sollicitant les muscles sans jamais leur demander d\u2019efforts violents ! Elle invite \u00e0 prendre le temps de bien r\u00e9aliser les mouvements, au sol, debout ou assis. Les postures sont vari\u00e9es et toujours \u00e0 la port\u00e9e de [&hellip;]\" \/>\n<meta property=\"og:url\" content=\"https:\/\/foyer-de-saint-blaise.fr\/index.php\/gym-douce\/\" \/>\n<meta property=\"article:modified_time\" content=\"2023-09-27T12:55:04+00:00\" \/>\n<meta property=\"og:image\" content=\"https:\/\/foyer-de-saint-blaise.fr\/wp-content\/uploads\/2022\/03\/20220308_110145-1024x768.jpg\" \/>\n<meta name=\"twitter:card\" content=\"summary_large_image\" \/>\n<meta name=\"twitter:label1\" content=\"Dur\u00e9e de lecture estim\u00e9e\" \/>\n\t<meta name=\"twitter:data1\" content=\"1 minute\" \/>\n<script type=\"application\/ld+json\" class=\"yoast-schema-graph\">{\"@context\":\"https:\/\/schema.org\",\"@graph\":[{\"@type\":\"WebPage\",\"@id\":\"https:\/\/foyer-de-saint-blaise.fr\/index.php\/gym-douce\/\",\"url\":\"https:\/\/foyer-de-saint-blaise.fr\/index.php\/gym-douce\/\",\"name\":\"Gym Douce -\",\"isPartOf\":{\"@id\":\"https:\/\/foyer-de-saint-blaise.fr\/#website\"},\"primaryImageOfPage\":{\"@id\":\"https:\/\/foyer-de-saint-blaise.fr\/index.php\/gym-douce\/#primaryimage\"},\"image\":{\"@id\":\"https:\/\/foyer-de-saint-blaise.fr\/index.php\/gym-douce\/#primaryimage\"},\"thumbnailUrl\":\"https:\/\/foyer-de-saint-blaise.fr\/wp-content\/uploads\/2022\/03\/20220308_110145-1024x768.jpg\",\"datePublished\":\"2021-10-22T20:43:44+00:00\",\"dateModified\":\"2023-09-27T12:55:04+00:00\",\"breadcrumb\":{\"@id\":\"https:\/\/foyer-de-saint-blaise.fr\/index.php\/gym-douce\/#breadcrumb\"},\"inLanguage\":\"fr-FR\",\"potentialAction\":[{\"@type\":\"ReadAction\",\"target\":[\"https:\/\/foyer-de-saint-blaise.fr\/index.php\/gym-douce\/\"]}]},{\"@type\":\"ImageObject\",\"inLanguage\":\"fr-FR\",\"@id\":\"https:\/\/foyer-de-saint-blaise.fr\/index.php\/gym-douce\/#primaryimage\",\"url\":\"https:\/\/foyer-de-saint-blaise.fr\/wp-content\/uploads\/2022\/03\/20220308_110145-scaled.jpg\",\"contentUrl\":\"https:\/\/foyer-de-saint-blaise.fr\/wp-content\/uploads\/2022\/03\/20220308_110145-scaled.jpg\",\"width\":2560,\"height\":1920},{\"@type\":\"BreadcrumbList\",\"@id\":\"https:\/\/foyer-de-saint-blaise.fr\/index.php\/gym-douce\/#breadcrumb\",\"itemListElement\":[{\"@type\":\"ListItem\",\"position\":1,\"name\":\"Accueil\",\"item\":\"https:\/\/foyer-de-saint-blaise.fr\/\"},{\"@type\":\"ListItem\",\"position\":2,\"name\":\"Gym Douce\"}]},{\"@type\":\"WebSite\",\"@id\":\"https:\/\/foyer-de-saint-blaise.fr\/#website\",\"url\":\"https:\/\/foyer-de-saint-blaise.fr\/\",\"name\":\"Foyer de Saint Blaise\",\"description\":\"convivialit\u00e9, simplicit\u00e9, ambiance.\",\"publisher\":{\"@id\":\"https:\/\/foyer-de-saint-blaise.fr\/#organization\"},\"potentialAction\":[{\"@type\":\"SearchAction\",\"target\":{\"@type\":\"EntryPoint\",\"urlTemplate\":\"https:\/\/foyer-de-saint-blaise.fr\/?s={search_term_string}\"},\"query-input\":{\"@type\":\"PropertyValueSpecification\",\"valueRequired\":true,\"valueName\":\"search_term_string\"}}],\"inLanguage\":\"fr-FR\"},{\"@type\":\"Organization\",\"@id\":\"https:\/\/foyer-de-saint-blaise.fr\/#organization\",\"name\":\"Foyer de Saint Blaise\",\"url\":\"https:\/\/foyer-de-saint-blaise.fr\/\",\"logo\":{\"@type\":\"ImageObject\",\"inLanguage\":\"fr-FR\",\"@id\":\"https:\/\/foyer-de-saint-blaise.fr\/#\/schema\/logo\/image\/\",\"url\":\"https:\/\/foyer-de-saint-blaise.fr\/wp-content\/uploads\/2021\/11\/20211102_074318-2-1-scaled.jpg\",\"contentUrl\":\"https:\/\/foyer-de-saint-blaise.fr\/wp-content\/uploads\/2021\/11\/20211102_074318-2-1-scaled.jpg\",\"width\":2560,\"height\":1322,\"caption\":\"Foyer de Saint Blaise\"},\"image\":{\"@id\":\"https:\/\/foyer-de-saint-blaise.fr\/#\/schema\/logo\/image\/\"}}]}<\/script>\n<!-- \/ Yoast SEO plugin. -->","yoast_head_json":{"title":"Gym Douce -","robots":{"index":"index","follow":"follow","max-snippet":"max-snippet:-1","max-image-preview":"max-image-preview:large","max-video-preview":"max-video-preview:-1"},"canonical":"https:\/\/foyer-de-saint-blaise.fr\/index.php\/gym-douce\/","og_locale":"fr_FR","og_type":"article","og_title":"Gym Douce -","og_description":"Gym Douce Tous les mardis de 11h \u00e0 12 Cette discipline fait travailler les diff\u00e9rentes zones du corps, en sollicitant les muscles sans jamais leur demander d\u2019efforts violents ! Elle invite \u00e0 prendre le temps de bien r\u00e9aliser les mouvements, au sol, debout ou assis. Les postures sont vari\u00e9es et toujours \u00e0 la port\u00e9e de [&hellip;]","og_url":"https:\/\/foyer-de-saint-blaise.fr\/index.php\/gym-douce\/","article_modified_time":"2023-09-27T12:55:04+00:00","og_image":[{"url":"https:\/\/foyer-de-saint-blaise.fr\/wp-content\/uploads\/2022\/03\/20220308_110145-1024x768.jpg","type":"","width":"","height":""}],"twitter_card":"summary_large_image","twitter_misc":{"Dur\u00e9e de lecture estim\u00e9e":"1 minute"},"schema":{"@context":"https:\/\/schema.org","@graph":[{"@type":"WebPage","@id":"https:\/\/foyer-de-saint-blaise.fr\/index.php\/gym-douce\/","url":"https:\/\/foyer-de-saint-blaise.fr\/index.php\/gym-douce\/","name":"Gym Douce -","isPartOf":{"@id":"https:\/\/foyer-de-saint-blaise.fr\/#website"},"primaryImageOfPage":{"@id":"https:\/\/foyer-de-saint-blaise.fr\/index.php\/gym-douce\/#primaryimage"},"image":{"@id":"https:\/\/foyer-de-saint-blaise.fr\/index.php\/gym-douce\/#primaryimage"},"thumbnailUrl":"https:\/\/foyer-de-saint-blaise.fr\/wp-content\/uploads\/2022\/03\/20220308_110145-1024x768.jpg","datePublished":"2021-10-22T20:43:44+00:00","dateModified":"2023-09-27T12:55:04+00:00","breadcrumb":{"@id":"https:\/\/foyer-de-saint-blaise.fr\/index.php\/gym-douce\/#breadcrumb"},"inLanguage":"fr-FR","potentialAction":[{"@type":"ReadAction","target":["https:\/\/foyer-de-saint-blaise.fr\/index.php\/gym-douce\/"]}]},{"@type":"ImageObject","inLanguage":"fr-FR","@id":"https:\/\/foyer-de-saint-blaise.fr\/index.php\/gym-douce\/#primaryimage","url":"https:\/\/foyer-de-saint-blaise.fr\/wp-content\/uploads\/2022\/03\/20220308_110145-scaled.jpg","contentUrl":"https:\/\/foyer-de-saint-blaise.fr\/wp-content\/uploads\/2022\/03\/20220308_110145-scaled.jpg","width":2560,"height":1920},{"@type":"BreadcrumbList","@id":"https:\/\/foyer-de-saint-blaise.fr\/index.php\/gym-douce\/#breadcrumb","itemListElement":[{"@type":"ListItem","position":1,"name":"Accueil","item":"https:\/\/foyer-de-saint-blaise.fr\/"},{"@type":"ListItem","position":2,"name":"Gym Douce"}]},{"@type":"WebSite","@id":"https:\/\/foyer-de-saint-blaise.fr\/#website","url":"https:\/\/foyer-de-saint-blaise.fr\/","name":"Foyer de Saint Blaise","description":"convivialit\u00e9, simplicit\u00e9, ambiance.","publisher":{"@id":"https:\/\/foyer-de-saint-blaise.fr\/#organization"},"potentialAction":[{"@type":"SearchAction","target":{"@type":"EntryPoint","urlTemplate":"https:\/\/foyer-de-saint-blaise.fr\/?s={search_term_string}"},"query-input":{"@type":"PropertyValueSpecification","valueRequired":true,"valueName":"search_term_string"}}],"inLanguage":"fr-FR"},{"@type":"Organization","@id":"https:\/\/foyer-de-saint-blaise.fr\/#organization","name":"Foyer de Saint Blaise","url":"https:\/\/foyer-de-saint-blaise.fr\/","logo":{"@type":"ImageObject","inLanguage":"fr-FR","@id":"https:\/\/foyer-de-saint-blaise.fr\/#\/schema\/logo\/image\/","url":"https:\/\/foyer-de-saint-blaise.fr\/wp-content\/uploads\/2021\/11\/20211102_074318-2-1-scaled.jpg","contentUrl":"https:\/\/foyer-de-saint-blaise.fr\/wp-content\/uploads\/2021\/11\/20211102_074318-2-1-scaled.jpg","width":2560,"height":1322,"caption":"Foyer de Saint Blaise"},"image":{"@id":"https:\/\/foyer-de-saint-blaise.fr\/#\/schema\/logo\/image\/"}}]}},"_links":{"self":[{"href":"https:\/\/foyer-de-saint-blaise.fr\/index.php\/wp-json\/wp\/v2\/pages\/1090","targetHints":{"allow":["GET"]}}],"collection":[{"href":"https:\/\/foyer-de-saint-blaise.fr\/index.php\/wp-json\/wp\/v2\/pages"}],"about":[{"href":"https:\/\/foyer-de-saint-blaise.fr\/index.php\/wp-json\/wp\/v2\/types\/page"}],"author":[{"embeddable":true,"href":"https:\/\/foyer-de-saint-blaise.fr\/index.php\/wp-json\/wp\/v2\/users\/2"}],"replies":[{"embeddable":true,"href":"https:\/\/foyer-de-saint-blaise.fr\/index.php\/wp-json\/wp\/v2\/comments?post=1090"}],"version-history":[{"count":27,"href":"https:\/\/foyer-de-saint-blaise.fr\/index.php\/wp-json\/wp\/v2\/pages\/1090\/revisions"}],"predecessor-version":[{"id":2981,"href":"https:\/\/foyer-de-saint-blaise.fr\/index.php\/wp-json\/wp\/v2\/pages\/1090\/revisions\/2981"}],"wp:attachment":[{"href":"https:\/\/foyer-de-saint-blaise.fr\/index.php\/wp-json\/wp\/v2\/media?parent=1090"}],"curies":[{"name":"wp","href":"https:\/\/api.w.org\/{rel}","templated":true}]}}