{"id":2909,"date":"2023-05-30T20:27:57","date_gmt":"2023-05-30T18:27:57","guid":{"rendered":"https:\/\/foyer-de-saint-blaise.fr\/?page_id=2909"},"modified":"2023-05-30T20:50:48","modified_gmt":"2023-05-30T18:50:48","slug":"activites-sportives-adaptes-a-la-sante","status":"publish","type":"page","link":"https:\/\/foyer-de-saint-blaise.fr\/index.php\/activites-sportives-adaptes-a-la-sante\/","title":{"rendered":"Activit\u00e9s sportives adapt\u00e9s \u00e0 la sant\u00e9"},"content":{"rendered":"\t\t<div data-elementor-type=\"wp-page\" data-elementor-id=\"2909\" class=\"elementor elementor-2909\">\n\t\t\t\t\t\t<section class=\"elementor-section elementor-top-section elementor-element elementor-element-36bfd89 elementor-section-boxed elementor-section-height-default elementor-section-height-default\" data-id=\"36bfd89\" data-element_type=\"section\" data-e-type=\"section\">\n\t\t\t\t\t\t<div class=\"elementor-container elementor-column-gap-default\">\n\t\t\t\t\t<div class=\"elementor-column elementor-col-100 elementor-top-column elementor-element elementor-element-a2e0340\" data-id=\"a2e0340\" data-element_type=\"column\" data-e-type=\"column\">\n\t\t\t<div class=\"elementor-widget-wrap\">\n\t\t\t\t\t\t\t<\/div>\n\t\t<\/div>\n\t\t\t\t\t<\/div>\n\t\t<\/section>\n\t\t\t\t<section class=\"elementor-section elementor-top-section elementor-element elementor-element-e1ecc66 elementor-section-boxed elementor-section-height-default elementor-section-height-default\" data-id=\"e1ecc66\" data-element_type=\"section\" data-e-type=\"section\">\n\t\t\t\t\t\t<div class=\"elementor-container elementor-column-gap-default\">\n\t\t\t\t\t<div class=\"elementor-column elementor-col-100 elementor-top-column elementor-element elementor-element-3c89f7d\" data-id=\"3c89f7d\" data-element_type=\"column\" data-e-type=\"column\">\n\t\t\t<div class=\"elementor-widget-wrap\">\n\t\t\t\t\t\t\t<\/div>\n\t\t<\/div>\n\t\t\t\t\t<\/div>\n\t\t<\/section>\n\t\t\t\t<section class=\"elementor-section elementor-top-section elementor-element elementor-element-208d4f09 elementor-section-boxed elementor-section-height-default elementor-section-height-default\" data-id=\"208d4f09\" data-element_type=\"section\" data-e-type=\"section\">\n\t\t\t\t\t\t<div class=\"elementor-container elementor-column-gap-default\">\n\t\t\t\t\t<div class=\"elementor-column elementor-col-100 elementor-top-column elementor-element elementor-element-3a513ffc\" data-id=\"3a513ffc\" data-element_type=\"column\" data-e-type=\"column\">\n\t\t\t<div class=\"elementor-widget-wrap elementor-element-populated\">\n\t\t\t\t\t\t<div class=\"elementor-element elementor-element-58b48380 elementor-widget elementor-widget-heading\" data-id=\"58b48380\" data-element_type=\"widget\" data-e-type=\"widget\" data-widget_type=\"heading.default\">\n\t\t\t\t<div class=\"elementor-widget-container\">\n\t\t\t\t\t<h2 class=\"elementor-heading-title elementor-size-default\">Activit\u00e9s sportives adapt\u00e9s \u00e0 la sant\u00e9<\/h2>\t\t\t\t<\/div>\n\t\t\t\t<\/div>\n\t\t\t\t\t<\/div>\n\t\t<\/div>\n\t\t\t\t\t<\/div>\n\t\t<\/section>\n\t\t\t\t<section class=\"elementor-section elementor-top-section elementor-element elementor-element-6364865f elementor-section-boxed elementor-section-height-default elementor-section-height-default\" data-id=\"6364865f\" data-element_type=\"section\" data-e-type=\"section\">\n\t\t\t\t\t\t<div class=\"elementor-container elementor-column-gap-default\">\n\t\t\t\t\t<div class=\"elementor-column elementor-col-100 elementor-top-column elementor-element elementor-element-1298cee2\" data-id=\"1298cee2\" data-element_type=\"column\" data-e-type=\"column\">\n\t\t\t<div class=\"elementor-widget-wrap elementor-element-populated\">\n\t\t\t\t\t\t<div class=\"elementor-element elementor-element-447ff4d elementor-widget elementor-widget-image\" data-id=\"447ff4d\" data-element_type=\"widget\" data-e-type=\"widget\" data-widget_type=\"image.default\">\n\t\t\t\t<div class=\"elementor-widget-container\">\n\t\t\t\t\t\t\t\t\t\t\t\t\t\t\t<img fetchpriority=\"high\" decoding=\"async\" width=\"724\" height=\"1024\" src=\"https:\/\/foyer-de-saint-blaise.fr\/wp-content\/uploads\/2023\/04\/GYM-ADAPTEE-A-LA-SANTE-1-724x1024.png\" class=\"attachment-large size-large wp-image-2870\" alt=\"\" srcset=\"https:\/\/foyer-de-saint-blaise.fr\/wp-content\/uploads\/2023\/04\/GYM-ADAPTEE-A-LA-SANTE-1-724x1024.png 724w, https:\/\/foyer-de-saint-blaise.fr\/wp-content\/uploads\/2023\/04\/GYM-ADAPTEE-A-LA-SANTE-1-212x300.png 212w, https:\/\/foyer-de-saint-blaise.fr\/wp-content\/uploads\/2023\/04\/GYM-ADAPTEE-A-LA-SANTE-1-768x1086.png 768w, https:\/\/foyer-de-saint-blaise.fr\/wp-content\/uploads\/2023\/04\/GYM-ADAPTEE-A-LA-SANTE-1-1086x1536.png 1086w, https:\/\/foyer-de-saint-blaise.fr\/wp-content\/uploads\/2023\/04\/GYM-ADAPTEE-A-LA-SANTE-1-1448x2048.png 1448w, https:\/\/foyer-de-saint-blaise.fr\/wp-content\/uploads\/2023\/04\/GYM-ADAPTEE-A-LA-SANTE-1.png 1654w\" sizes=\"(max-width: 724px) 100vw, 724px\" \/>\t\t\t\t\t\t\t\t\t\t\t\t\t\t\t<\/div>\n\t\t\t\t<\/div>\n\t\t\t\t<div class=\"elementor-element elementor-element-a74de4f elementor-widget elementor-widget-image\" data-id=\"a74de4f\" data-element_type=\"widget\" data-e-type=\"widget\" data-widget_type=\"image.default\">\n\t\t\t\t<div class=\"elementor-widget-container\">\n\t\t\t\t\t\t\t\t\t\t\t\t\t\t\t<img decoding=\"async\" width=\"1024\" height=\"782\" src=\"https:\/\/foyer-de-saint-blaise.fr\/wp-content\/uploads\/2023\/03\/Enseignante-en-Activites-Physiques-Adaptees-a-la-Sante-1-1024x782.png\" class=\"attachment-large size-large wp-image-2848\" alt=\"\" srcset=\"https:\/\/foyer-de-saint-blaise.fr\/wp-content\/uploads\/2023\/03\/Enseignante-en-Activites-Physiques-Adaptees-a-la-Sante-1-1024x782.png 1024w, https:\/\/foyer-de-saint-blaise.fr\/wp-content\/uploads\/2023\/03\/Enseignante-en-Activites-Physiques-Adaptees-a-la-Sante-1-300x229.png 300w, https:\/\/foyer-de-saint-blaise.fr\/wp-content\/uploads\/2023\/03\/Enseignante-en-Activites-Physiques-Adaptees-a-la-Sante-1-768x586.png 768w, https:\/\/foyer-de-saint-blaise.fr\/wp-content\/uploads\/2023\/03\/Enseignante-en-Activites-Physiques-Adaptees-a-la-Sante-1-1536x1173.png 1536w, https:\/\/foyer-de-saint-blaise.fr\/wp-content\/uploads\/2023\/03\/Enseignante-en-Activites-Physiques-Adaptees-a-la-Sante-1.png 1653w\" sizes=\"(max-width: 1024px) 100vw, 1024px\" \/>\t\t\t\t\t\t\t\t\t\t\t\t\t\t\t<\/div>\n\t\t\t\t<\/div>\n\t\t\t\t\t<\/div>\n\t\t<\/div>\n\t\t\t\t\t<\/div>\n\t\t<\/section>\n\t\t\t\t<section class=\"elementor-section elementor-top-section elementor-element elementor-element-1d2eb2a0 elementor-section-content-middle elementor-section-boxed elementor-section-height-default elementor-section-height-default\" data-id=\"1d2eb2a0\" data-element_type=\"section\" data-e-type=\"section\">\n\t\t\t\t\t\t<div class=\"elementor-container elementor-column-gap-default\">\n\t\t\t\t\t<div class=\"elementor-column elementor-col-100 elementor-top-column elementor-element elementor-element-4d2e2aff\" data-id=\"4d2e2aff\" data-element_type=\"column\" data-e-type=\"column\">\n\t\t\t<div class=\"elementor-widget-wrap elementor-element-populated\">\n\t\t\t\t\t\t<div class=\"elementor-element elementor-element-6714f1c4 elementor-widget__width-initial elementor-view-default elementor-position-block-start elementor-mobile-position-block-start elementor-widget elementor-widget-icon-box\" data-id=\"6714f1c4\" data-element_type=\"widget\" data-e-type=\"widget\" data-widget_type=\"icon-box.default\">\n\t\t\t\t<div class=\"elementor-widget-container\">\n\t\t\t\t\t\t\t<div class=\"elementor-icon-box-wrapper\">\n\n\t\t\t\t\t\t<div class=\"elementor-icon-box-icon\">\n\t\t\t\t<span  class=\"elementor-icon\">\n\t\t\t\t<i aria-hidden=\"true\" class=\"far fa-clock\"><\/i>\t\t\t\t<\/span>\n\t\t\t<\/div>\n\t\t\t\n\t\t\t\t\t\t<div class=\"elementor-icon-box-content\">\n\n\t\t\t\t\t\t\t\t\t<h3 class=\"elementor-icon-box-title\">\n\t\t\t\t\t\t<span  >\n\t\t\t\t\t\t\tHoraire\t\t\t\t\t\t<\/span>\n\t\t\t\t\t<\/h3>\n\t\t\t\t\n\t\t\t\t\t\t\t\t\t<p class=\"elementor-icon-box-description\">\n\t\t\t\t\t\tVendredi<br>\n17h30-18h30\t\t\t\t\t<\/p>\n\t\t\t\t\n\t\t\t<\/div>\n\t\t\t\n\t\t<\/div>\n\t\t\t\t\t\t<\/div>\n\t\t\t\t<\/div>\n\t\t\t\t<div class=\"elementor-element elementor-element-1ec36485 elementor-widget__width-initial elementor-view-default elementor-position-block-start elementor-mobile-position-block-start elementor-widget elementor-widget-icon-box\" data-id=\"1ec36485\" data-element_type=\"widget\" data-e-type=\"widget\" data-widget_type=\"icon-box.default\">\n\t\t\t\t<div class=\"elementor-widget-container\">\n\t\t\t\t\t\t\t<div class=\"elementor-icon-box-wrapper\">\n\n\t\t\t\t\t\t<div class=\"elementor-icon-box-icon\">\n\t\t\t\t<span  class=\"elementor-icon\">\n\t\t\t\t<i aria-hidden=\"true\" class=\"far fa-grin-beam-sweat\"><\/i>\t\t\t\t<\/span>\n\t\t\t<\/div>\n\t\t\t\n\t\t\t\t\t\t<div class=\"elementor-icon-box-content\">\n\n\t\t\t\t\t\t\t\t\t<h3 class=\"elementor-icon-box-title\">\n\t\t\t\t\t\t<span  >\n\t\t\t\t\t\t\tAnimatrice\t\t\t\t\t\t<\/span>\n\t\t\t\t\t<\/h3>\n\t\t\t\t\n\t\t\t\t\t\t\t\t\t<p class=\"elementor-icon-box-description\">\n\t\t\t\t\t\tLELIEVRE C\u00e9line\n\n<br>Tel: 07 66 62 54 55 \t\t\t\t\t<\/p>\n\t\t\t\t\n\t\t\t<\/div>\n\t\t\t\n\t\t<\/div>\n\t\t\t\t\t\t<\/div>\n\t\t\t\t<\/div>\n\t\t\t\t\t<\/div>\n\t\t<\/div>\n\t\t\t\t\t<\/div>\n\t\t<\/section>\n\t\t\t\t<\/div>\n\t\t","protected":false},"excerpt":{"rendered":"<p>Activit\u00e9s sportives adapt\u00e9s \u00e0 la sant\u00e9 Horaire Vendredi 17h30-18h30 Animatrice LELIEVRE C\u00e9line Tel: 07 66 62 54 55<\/p>\n","protected":false},"author":1,"featured_media":0,"parent":0,"menu_order":0,"comment_status":"closed","ping_status":"closed","template":"elementor_header_footer","meta":{"ocean_post_layout":"","ocean_both_sidebars_style":"","ocean_both_sidebars_content_width":0,"ocean_both_sidebars_sidebars_width":0,"ocean_sidebar":"0","ocean_second_sidebar":"0","ocean_disable_margins":"enable","ocean_add_body_class":"","ocean_shortcode_before_top_bar":"","ocean_shortcode_after_top_bar":"","ocean_shortcode_before_header":"","ocean_shortcode_after_header":"","ocean_has_shortcode":"","ocean_shortcode_after_title":"","ocean_shortcode_before_footer_widgets":"","ocean_shortcode_after_footer_widgets":"","ocean_shortcode_before_footer_bottom":"","ocean_shortcode_after_footer_bottom":"","ocean_display_top_bar":"default","ocean_display_header":"default","ocean_header_style":"","ocean_center_header_left_menu":"0","ocean_custom_header_template":"0","ocean_custom_logo":0,"ocean_custom_retina_logo":0,"ocean_custom_logo_max_width":0,"ocean_custom_logo_tablet_max_width":0,"ocean_custom_logo_mobile_max_width":0,"ocean_custom_logo_max_height":0,"ocean_custom_logo_tablet_max_height":0,"ocean_custom_logo_mobile_max_height":0,"ocean_header_custom_menu":"0","ocean_menu_typo_font_family":"0","ocean_menu_typo_font_subset":"","ocean_menu_typo_font_size":0,"ocean_menu_typo_font_size_tablet":0,"ocean_menu_typo_font_size_mobile":0,"ocean_menu_typo_font_size_unit":"px","ocean_menu_typo_font_weight":"","ocean_menu_typo_font_weight_tablet":"","ocean_menu_typo_font_weight_mobile":"","ocean_menu_typo_transform":"","ocean_menu_typo_transform_tablet":"","ocean_menu_typo_transform_mobile":"","ocean_menu_typo_line_height":0,"ocean_menu_typo_line_height_tablet":0,"ocean_menu_typo_line_height_mobile":0,"ocean_menu_typo_line_height_unit":"","ocean_menu_typo_spacing":0,"ocean_menu_typo_spacing_tablet":0,"ocean_menu_typo_spacing_mobile":0,"ocean_menu_typo_spacing_unit":"","ocean_menu_link_color":"","ocean_menu_link_color_hover":"","ocean_menu_link_color_active":"","ocean_menu_link_background":"","ocean_menu_link_hover_background":"","ocean_menu_link_active_background":"","ocean_menu_social_links_bg":"","ocean_menu_social_hover_links_bg":"","ocean_menu_social_links_color":"","ocean_menu_social_hover_links_color":"","ocean_disable_title":"on","ocean_disable_heading":"default","ocean_post_title":"","ocean_post_subheading":"","ocean_post_title_style":"","ocean_post_title_background_color":"","ocean_post_title_background":0,"ocean_post_title_bg_image_position":"","ocean_post_title_bg_image_attachment":"","ocean_post_title_bg_image_repeat":"","ocean_post_title_bg_image_size":"","ocean_post_title_height":0,"ocean_post_title_bg_overlay":0.5,"ocean_post_title_bg_overlay_color":"","ocean_disable_breadcrumbs":"default","ocean_breadcrumbs_color":"","ocean_breadcrumbs_separator_color":"","ocean_breadcrumbs_links_color":"","ocean_breadcrumbs_links_hover_color":"","ocean_display_footer_widgets":"default","ocean_display_footer_bottom":"default","ocean_custom_footer_template":"0","footnotes":""},"class_list":["post-2909","page","type-page","status-publish","hentry","entry"],"yoast_head":"<!-- This site is optimized with the Yoast SEO plugin v27.2 - https:\/\/yoast.com\/product\/yoast-seo-wordpress\/ -->\n<title>Activit\u00e9s sportives adapt\u00e9s \u00e0 la sant\u00e9 -<\/title>\n<meta name=\"robots\" content=\"index, follow, max-snippet:-1, max-image-preview:large, max-video-preview:-1\" \/>\n<link rel=\"canonical\" href=\"https:\/\/foyer-de-saint-blaise.fr\/index.php\/activites-sportives-adaptes-a-la-sante\/\" \/>\n<meta property=\"og:locale\" content=\"fr_FR\" \/>\n<meta property=\"og:type\" content=\"article\" \/>\n<meta property=\"og:title\" content=\"Activit\u00e9s sportives adapt\u00e9s \u00e0 la sant\u00e9 -\" \/>\n<meta property=\"og:description\" content=\"Activit\u00e9s sportives adapt\u00e9s \u00e0 la sant\u00e9 Horaire Vendredi 17h30-18h30 Animatrice LELIEVRE C\u00e9line Tel: 07 66 62 54 55\" \/>\n<meta property=\"og:url\" content=\"https:\/\/foyer-de-saint-blaise.fr\/index.php\/activites-sportives-adaptes-a-la-sante\/\" \/>\n<meta property=\"article:modified_time\" content=\"2023-05-30T18:50:48+00:00\" \/>\n<meta property=\"og:image\" content=\"https:\/\/foyer-de-saint-blaise.fr\/wp-content\/uploads\/2023\/04\/GYM-ADAPTEE-A-LA-SANTE-1-724x1024.png\" \/>\n<meta name=\"twitter:card\" content=\"summary_large_image\" \/>\n<meta name=\"twitter:label1\" content=\"Dur\u00e9e de lecture estim\u00e9e\" \/>\n\t<meta name=\"twitter:data1\" content=\"1 minute\" \/>\n<script type=\"application\/ld+json\" class=\"yoast-schema-graph\">{\"@context\":\"https:\/\/schema.org\",\"@graph\":[{\"@type\":\"WebPage\",\"@id\":\"https:\/\/foyer-de-saint-blaise.fr\/index.php\/activites-sportives-adaptes-a-la-sante\/\",\"url\":\"https:\/\/foyer-de-saint-blaise.fr\/index.php\/activites-sportives-adaptes-a-la-sante\/\",\"name\":\"Activit\u00e9s sportives adapt\u00e9s \u00e0 la sant\u00e9 -\",\"isPartOf\":{\"@id\":\"https:\/\/foyer-de-saint-blaise.fr\/#website\"},\"primaryImageOfPage\":{\"@id\":\"https:\/\/foyer-de-saint-blaise.fr\/index.php\/activites-sportives-adaptes-a-la-sante\/#primaryimage\"},\"image\":{\"@id\":\"https:\/\/foyer-de-saint-blaise.fr\/index.php\/activites-sportives-adaptes-a-la-sante\/#primaryimage\"},\"thumbnailUrl\":\"https:\/\/foyer-de-saint-blaise.fr\/wp-content\/uploads\/2023\/04\/GYM-ADAPTEE-A-LA-SANTE-1-724x1024.png\",\"datePublished\":\"2023-05-30T18:27:57+00:00\",\"dateModified\":\"2023-05-30T18:50:48+00:00\",\"breadcrumb\":{\"@id\":\"https:\/\/foyer-de-saint-blaise.fr\/index.php\/activites-sportives-adaptes-a-la-sante\/#breadcrumb\"},\"inLanguage\":\"fr-FR\",\"potentialAction\":[{\"@type\":\"ReadAction\",\"target\":[\"https:\/\/foyer-de-saint-blaise.fr\/index.php\/activites-sportives-adaptes-a-la-sante\/\"]}]},{\"@type\":\"ImageObject\",\"inLanguage\":\"fr-FR\",\"@id\":\"https:\/\/foyer-de-saint-blaise.fr\/index.php\/activites-sportives-adaptes-a-la-sante\/#primaryimage\",\"url\":\"https:\/\/foyer-de-saint-blaise.fr\/wp-content\/uploads\/2023\/04\/GYM-ADAPTEE-A-LA-SANTE-1.png\",\"contentUrl\":\"https:\/\/foyer-de-saint-blaise.fr\/wp-content\/uploads\/2023\/04\/GYM-ADAPTEE-A-LA-SANTE-1.png\",\"width\":1654,\"height\":2339},{\"@type\":\"BreadcrumbList\",\"@id\":\"https:\/\/foyer-de-saint-blaise.fr\/index.php\/activites-sportives-adaptes-a-la-sante\/#breadcrumb\",\"itemListElement\":[{\"@type\":\"ListItem\",\"position\":1,\"name\":\"Accueil\",\"item\":\"https:\/\/foyer-de-saint-blaise.fr\/\"},{\"@type\":\"ListItem\",\"position\":2,\"name\":\"Activit\u00e9s sportives adapt\u00e9s \u00e0 la sant\u00e9\"}]},{\"@type\":\"WebSite\",\"@id\":\"https:\/\/foyer-de-saint-blaise.fr\/#website\",\"url\":\"https:\/\/foyer-de-saint-blaise.fr\/\",\"name\":\"Foyer de Saint Blaise\",\"description\":\"convivialit\u00e9, simplicit\u00e9, ambiance.\",\"publisher\":{\"@id\":\"https:\/\/foyer-de-saint-blaise.fr\/#organization\"},\"potentialAction\":[{\"@type\":\"SearchAction\",\"target\":{\"@type\":\"EntryPoint\",\"urlTemplate\":\"https:\/\/foyer-de-saint-blaise.fr\/?s={search_term_string}\"},\"query-input\":{\"@type\":\"PropertyValueSpecification\",\"valueRequired\":true,\"valueName\":\"search_term_string\"}}],\"inLanguage\":\"fr-FR\"},{\"@type\":\"Organization\",\"@id\":\"https:\/\/foyer-de-saint-blaise.fr\/#organization\",\"name\":\"Foyer de Saint Blaise\",\"url\":\"https:\/\/foyer-de-saint-blaise.fr\/\",\"logo\":{\"@type\":\"ImageObject\",\"inLanguage\":\"fr-FR\",\"@id\":\"https:\/\/foyer-de-saint-blaise.fr\/#\/schema\/logo\/image\/\",\"url\":\"https:\/\/foyer-de-saint-blaise.fr\/wp-content\/uploads\/2021\/11\/20211102_074318-2-1-scaled.jpg\",\"contentUrl\":\"https:\/\/foyer-de-saint-blaise.fr\/wp-content\/uploads\/2021\/11\/20211102_074318-2-1-scaled.jpg\",\"width\":2560,\"height\":1322,\"caption\":\"Foyer de Saint Blaise\"},\"image\":{\"@id\":\"https:\/\/foyer-de-saint-blaise.fr\/#\/schema\/logo\/image\/\"}}]}<\/script>\n<!-- \/ Yoast SEO plugin. -->","yoast_head_json":{"title":"Activit\u00e9s sportives adapt\u00e9s \u00e0 la sant\u00e9 -","robots":{"index":"index","follow":"follow","max-snippet":"max-snippet:-1","max-image-preview":"max-image-preview:large","max-video-preview":"max-video-preview:-1"},"canonical":"https:\/\/foyer-de-saint-blaise.fr\/index.php\/activites-sportives-adaptes-a-la-sante\/","og_locale":"fr_FR","og_type":"article","og_title":"Activit\u00e9s sportives adapt\u00e9s \u00e0 la sant\u00e9 -","og_description":"Activit\u00e9s sportives adapt\u00e9s \u00e0 la sant\u00e9 Horaire Vendredi 17h30-18h30 Animatrice LELIEVRE C\u00e9line Tel: 07 66 62 54 55","og_url":"https:\/\/foyer-de-saint-blaise.fr\/index.php\/activites-sportives-adaptes-a-la-sante\/","article_modified_time":"2023-05-30T18:50:48+00:00","og_image":[{"url":"https:\/\/foyer-de-saint-blaise.fr\/wp-content\/uploads\/2023\/04\/GYM-ADAPTEE-A-LA-SANTE-1-724x1024.png","type":"","width":"","height":""}],"twitter_card":"summary_large_image","twitter_misc":{"Dur\u00e9e de lecture estim\u00e9e":"1 minute"},"schema":{"@context":"https:\/\/schema.org","@graph":[{"@type":"WebPage","@id":"https:\/\/foyer-de-saint-blaise.fr\/index.php\/activites-sportives-adaptes-a-la-sante\/","url":"https:\/\/foyer-de-saint-blaise.fr\/index.php\/activites-sportives-adaptes-a-la-sante\/","name":"Activit\u00e9s sportives adapt\u00e9s \u00e0 la sant\u00e9 -","isPartOf":{"@id":"https:\/\/foyer-de-saint-blaise.fr\/#website"},"primaryImageOfPage":{"@id":"https:\/\/foyer-de-saint-blaise.fr\/index.php\/activites-sportives-adaptes-a-la-sante\/#primaryimage"},"image":{"@id":"https:\/\/foyer-de-saint-blaise.fr\/index.php\/activites-sportives-adaptes-a-la-sante\/#primaryimage"},"thumbnailUrl":"https:\/\/foyer-de-saint-blaise.fr\/wp-content\/uploads\/2023\/04\/GYM-ADAPTEE-A-LA-SANTE-1-724x1024.png","datePublished":"2023-05-30T18:27:57+00:00","dateModified":"2023-05-30T18:50:48+00:00","breadcrumb":{"@id":"https:\/\/foyer-de-saint-blaise.fr\/index.php\/activites-sportives-adaptes-a-la-sante\/#breadcrumb"},"inLanguage":"fr-FR","potentialAction":[{"@type":"ReadAction","target":["https:\/\/foyer-de-saint-blaise.fr\/index.php\/activites-sportives-adaptes-a-la-sante\/"]}]},{"@type":"ImageObject","inLanguage":"fr-FR","@id":"https:\/\/foyer-de-saint-blaise.fr\/index.php\/activites-sportives-adaptes-a-la-sante\/#primaryimage","url":"https:\/\/foyer-de-saint-blaise.fr\/wp-content\/uploads\/2023\/04\/GYM-ADAPTEE-A-LA-SANTE-1.png","contentUrl":"https:\/\/foyer-de-saint-blaise.fr\/wp-content\/uploads\/2023\/04\/GYM-ADAPTEE-A-LA-SANTE-1.png","width":1654,"height":2339},{"@type":"BreadcrumbList","@id":"https:\/\/foyer-de-saint-blaise.fr\/index.php\/activites-sportives-adaptes-a-la-sante\/#breadcrumb","itemListElement":[{"@type":"ListItem","position":1,"name":"Accueil","item":"https:\/\/foyer-de-saint-blaise.fr\/"},{"@type":"ListItem","position":2,"name":"Activit\u00e9s sportives adapt\u00e9s \u00e0 la sant\u00e9"}]},{"@type":"WebSite","@id":"https:\/\/foyer-de-saint-blaise.fr\/#website","url":"https:\/\/foyer-de-saint-blaise.fr\/","name":"Foyer de Saint Blaise","description":"convivialit\u00e9, simplicit\u00e9, ambiance.","publisher":{"@id":"https:\/\/foyer-de-saint-blaise.fr\/#organization"},"potentialAction":[{"@type":"SearchAction","target":{"@type":"EntryPoint","urlTemplate":"https:\/\/foyer-de-saint-blaise.fr\/?s={search_term_string}"},"query-input":{"@type":"PropertyValueSpecification","valueRequired":true,"valueName":"search_term_string"}}],"inLanguage":"fr-FR"},{"@type":"Organization","@id":"https:\/\/foyer-de-saint-blaise.fr\/#organization","name":"Foyer de Saint Blaise","url":"https:\/\/foyer-de-saint-blaise.fr\/","logo":{"@type":"ImageObject","inLanguage":"fr-FR","@id":"https:\/\/foyer-de-saint-blaise.fr\/#\/schema\/logo\/image\/","url":"https:\/\/foyer-de-saint-blaise.fr\/wp-content\/uploads\/2021\/11\/20211102_074318-2-1-scaled.jpg","contentUrl":"https:\/\/foyer-de-saint-blaise.fr\/wp-content\/uploads\/2021\/11\/20211102_074318-2-1-scaled.jpg","width":2560,"height":1322,"caption":"Foyer de Saint Blaise"},"image":{"@id":"https:\/\/foyer-de-saint-blaise.fr\/#\/schema\/logo\/image\/"}}]}},"_links":{"self":[{"href":"https:\/\/foyer-de-saint-blaise.fr\/index.php\/wp-json\/wp\/v2\/pages\/2909","targetHints":{"allow":["GET"]}}],"collection":[{"href":"https:\/\/foyer-de-saint-blaise.fr\/index.php\/wp-json\/wp\/v2\/pages"}],"about":[{"href":"https:\/\/foyer-de-saint-blaise.fr\/index.php\/wp-json\/wp\/v2\/types\/page"}],"author":[{"embeddable":true,"href":"https:\/\/foyer-de-saint-blaise.fr\/index.php\/wp-json\/wp\/v2\/users\/1"}],"replies":[{"embeddable":true,"href":"https:\/\/foyer-de-saint-blaise.fr\/index.php\/wp-json\/wp\/v2\/comments?post=2909"}],"version-history":[{"count":7,"href":"https:\/\/foyer-de-saint-blaise.fr\/index.php\/wp-json\/wp\/v2\/pages\/2909\/revisions"}],"predecessor-version":[{"id":2923,"href":"https:\/\/foyer-de-saint-blaise.fr\/index.php\/wp-json\/wp\/v2\/pages\/2909\/revisions\/2923"}],"wp:attachment":[{"href":"https:\/\/foyer-de-saint-blaise.fr\/index.php\/wp-json\/wp\/v2\/media?parent=2909"}],"curies":[{"name":"wp","href":"https:\/\/api.w.org\/{rel}","templated":true}]}}